{"id":13,"date":"2013-05-16T06:58:58","date_gmt":"2013-05-16T06:58:58","guid":{"rendered":"http:\/\/ese2013.de\/?page_id=13"},"modified":"2013-05-17T08:09:14","modified_gmt":"2013-05-17T08:09:14","slug":"kontakt","status":"publish","type":"page","link":"http:\/\/ese2013.de\/?page_id=13","title":{"rendered":"Kontakt"},"content":{"rendered":"<p><strong>Impressum<\/strong><\/p>\n<p>Boris M. Royko<\/p>\n<p>R\u00fcdesheimer Str. 34<\/p>\n<p>65197 Wiesbaden<\/p>\n<p>+49 176 10 399 110<\/p>\n<p>b.royko@ese2013.de<\/p>\n<p>www.ese2013.de<\/p>\n<p>Diese Website wurde mit gr\u00f6\u00dftm\u00f6glicher Sorgfalt zusammengestellt. Trotzdem kann keine Gew\u00e4hr f\u00fcr die Fehlerfreiheit und Genauigkeit der enthaltenen Informationen \u00fcbernommen werden. Jegliche Haftung f\u00fcr Sch\u00e4den, die direkt oder indirekt aus der Benutzung dieser Website entstehen, wird ausgeschlossen, soweit diese nicht auf Vorsatz oder grober Fahrl\u00e4ssigkeit beruhen. Sofern von dieser Website auf Internetseiten verwiesen wird, die von Dritten betrieben werden, \u00fcbernimmt Sherry &amp; Port keine Verantwortung f\u00fcr deren Inhalte.<\/p>\n","protected":false},"excerpt":{"rendered":"<p>Impressum Boris M. Royko R\u00fcdesheimer Str. 34 65197 Wiesbaden +49 176 10 399 110 b.royko@ese2013.de www.ese2013.de Diese Website wurde mit gr\u00f6\u00dftm\u00f6glicher Sorgfalt zusammengestellt. Trotzdem kann keine Gew\u00e4hr f\u00fcr die Fehlerfreiheit und Genauigkeit der enthaltenen Informationen \u00fcbernommen werden. Jegliche Haftung f\u00fcr Sch\u00e4den, die direkt oder indirekt aus der Benutzung dieser Website entstehen, wird ausgeschlossen, soweit diese [&hellip;]<\/p>\n","protected":false},"author":1,"featured_media":0,"parent":0,"menu_order":0,"comment_status":"open","ping_status":"open","template":"","meta":{"footnotes":""},"class_list":["post-13","page","type-page","status-publish","hentry"],"_links":{"self":[{"href":"http:\/\/ese2013.de\/index.php?rest_route=\/wp\/v2\/pages\/13","targetHints":{"allow":["GET"]}}],"collection":[{"href":"http:\/\/ese2013.de\/index.php?rest_route=\/wp\/v2\/pages"}],"about":[{"href":"http:\/\/ese2013.de\/index.php?rest_route=\/wp\/v2\/types\/page"}],"author":[{"embeddable":true,"href":"http:\/\/ese2013.de\/index.php?rest_route=\/wp\/v2\/users\/1"}],"replies":[{"embeddable":true,"href":"http:\/\/ese2013.de\/index.php?rest_route=%2Fwp%2Fv2%2Fcomments&post=13"}],"version-history":[{"count":11,"href":"http:\/\/ese2013.de\/index.php?rest_route=\/wp\/v2\/pages\/13\/revisions"}],"predecessor-version":[{"id":18,"href":"http:\/\/ese2013.de\/index.php?rest_route=\/wp\/v2\/pages\/13\/revisions\/18"}],"wp:attachment":[{"href":"http:\/\/ese2013.de\/index.php?rest_route=%2Fwp%2Fv2%2Fmedia&parent=13"}],"curies":[{"name":"wp","href":"https:\/\/api.w.org\/{rel}","templated":true}]}}